{"id":1501,"date":"2026-04-06T09:43:50","date_gmt":"2026-04-06T12:43:50","guid":{"rendered":"https:\/\/code4delphi.com.br\/blog\/?page_id=1501"},"modified":"2026-04-06T09:43:50","modified_gmt":"2026-04-06T12:43:50","slug":"redes-sociais","status":"publish","type":"page","link":"https:\/\/code4delphi.com.br\/blog\/redes-sociais\/","title":{"rendered":"Redes sociais"},"content":{"rendered":"\n<p>Fique \u00e0 vontade para se conectar comigo nas redes sociais! Compartilho conte\u00fados sobre desenvolvimento, dicas pr\u00e1ticas, novidades da comunidade e exemplos reais do dia a dia. Al\u00e9m disso, temos 2 v\u00eddeos novos no YouTube toda semana. Ser\u00e1 um prazer ter voc\u00ea por aqui, acompanhando, interagindo e trocando experi\u00eancias.<\/p>\n\n\n\n<ul class=\"wp-block-list\">\n<li><a href=\"https:\/\/www.youtube.com\/@code4delphi\" target=\"_blank\" rel=\"noreferrer noopener\">YouTube<\/a><\/li>\n\n\n\n<li><a href=\"https:\/\/github.com\/code4delphi\" target=\"_blank\" rel=\"noreferrer noopener\">GitHub<\/a><\/li>\n\n\n\n<li><a href=\"https:\/\/www.instagram.com\/code4delphi\/\" target=\"_blank\" rel=\"noreferrer noopener\">Instagram<\/a><\/li>\n\n\n\n<li><a href=\"https:\/\/www.linkedin.com\/in\/cesar-cardoso-dev\/\" target=\"_blank\" rel=\"noreferrer noopener\">LinkedIn<\/a><\/li>\n\n\n\n<li><a href=\"https:\/\/t.me\/Code4Delphi\" target=\"_blank\" rel=\"noreferrer noopener\">Grupo Telegram<\/a><\/li>\n\n\n\n<li><a href=\"https:\/\/code4delphi.com.br\/blog\/\" target=\"_blank\" rel=\"noreferrer noopener\">Blog<\/a><\/li>\n\n\n\n<li><a href=\"https:\/\/www.threads.net\/@code4delphi\" target=\"_blank\" rel=\"noreferrer noopener\">Threads<\/a><\/li>\n\n\n\n<li><a href=\"mailto:contato@code4delphi.com.br\">contato@code4delphi.com.br<\/a><\/li>\n<\/ul>\n\n\n\n<p><\/p>\n","protected":false},"excerpt":{"rendered":"<p>Fique \u00e0 vontade para se conectar comigo nas redes sociais! Compartilho conte\u00fados sobre desenvolvimento, dicas pr\u00e1ticas,&#46;&#46;&#46;<\/p>\n","protected":false},"author":1,"featured_media":0,"parent":0,"menu_order":0,"comment_status":"closed","ping_status":"closed","template":"","meta":{"_exactmetrics_skip_tracking":false,"_exactmetrics_sitenote_active":false,"_exactmetrics_sitenote_note":"","_exactmetrics_sitenote_category":0,"footnotes":""},"class_list":["post-1501","page","type-page","status-publish","hentry"],"_links":{"self":[{"href":"https:\/\/code4delphi.com.br\/blog\/wp-json\/wp\/v2\/pages\/1501","targetHints":{"allow":["GET"]}}],"collection":[{"href":"https:\/\/code4delphi.com.br\/blog\/wp-json\/wp\/v2\/pages"}],"about":[{"href":"https:\/\/code4delphi.com.br\/blog\/wp-json\/wp\/v2\/types\/page"}],"author":[{"embeddable":true,"href":"https:\/\/code4delphi.com.br\/blog\/wp-json\/wp\/v2\/users\/1"}],"replies":[{"embeddable":true,"href":"https:\/\/code4delphi.com.br\/blog\/wp-json\/wp\/v2\/comments?post=1501"}],"version-history":[{"count":4,"href":"https:\/\/code4delphi.com.br\/blog\/wp-json\/wp\/v2\/pages\/1501\/revisions"}],"predecessor-version":[{"id":1505,"href":"https:\/\/code4delphi.com.br\/blog\/wp-json\/wp\/v2\/pages\/1501\/revisions\/1505"}],"wp:attachment":[{"href":"https:\/\/code4delphi.com.br\/blog\/wp-json\/wp\/v2\/media?parent=1501"}],"curies":[{"name":"wp","href":"https:\/\/api.w.org\/{rel}","templated":true}]}}